{"id":43,"date":"2026-03-10T11:58:53","date_gmt":"2026-03-10T11:58:53","guid":{"rendered":"https:\/\/nobodyreiki.com\/?page_id=43"},"modified":"2026-04-25T08:25:22","modified_gmt":"2026-04-25T08:25:22","slug":"book-a-session","status":"publish","type":"page","link":"https:\/\/nobodyreiki.com\/vi\/book-a-session\/","title":{"rendered":"\u0110\u1eb7t m\u1ed9t bu\u1ed5i"},"content":{"rendered":"<div data-elementor-type=\"wp-page\" data-elementor-id=\"43\" class=\"elementor elementor-43\">\n\t\t\t\t<div class=\"elementor-element elementor-element-20c08f3 e-flex e-con-boxed e-con e-parent\" data-id=\"20c08f3\" data-element_type=\"container\" data-e-type=\"container\">\n\t\t\t\t\t<div class=\"e-con-inner\">\n\t\t\t\t<div class=\"elementor-element elementor-element-1122df5 elementor-widget elementor-widget-image\" data-id=\"1122df5\" data-element_type=\"widget\" data-e-type=\"widget\" data-widget_type=\"image.default\">\n\t\t\t\t\t\t\t\t\t\t\t\t\t\t\t<img fetchpriority=\"high\" decoding=\"async\" width=\"1024\" height=\"173\" src=\"https:\/\/nobodyreiki.com\/wp-content\/uploads\/2026\/03\/Bookings-1-1024x173.png\" class=\"attachment-large size-large wp-image-213\" alt=\"\" srcset=\"https:\/\/nobodyreiki.com\/wp-content\/uploads\/2026\/03\/Bookings-1-1024x173.png 1024w, https:\/\/nobodyreiki.com\/wp-content\/uploads\/2026\/03\/Bookings-1-300x51.png 300w, https:\/\/nobodyreiki.com\/wp-content\/uploads\/2026\/03\/Bookings-1-768x130.png 768w, https:\/\/nobodyreiki.com\/wp-content\/uploads\/2026\/03\/Bookings-1-18x3.png 18w, https:\/\/nobodyreiki.com\/wp-content\/uploads\/2026\/03\/Bookings-1-600x101.png 600w, https:\/\/nobodyreiki.com\/wp-content\/uploads\/2026\/03\/Bookings-1.png 1536w\" sizes=\"(max-width: 1024px) 100vw, 1024px\" \/>\t\t\t\t\t\t\t\t\t\t\t\t\t\t\t<\/div>\n\t\t\t\t\t<\/div>\n\t\t\t\t<\/div>\n\t\t<div class=\"elementor-element elementor-element-f307b7b e-flex e-con-boxed e-con e-parent\" data-id=\"f307b7b\" data-element_type=\"container\" data-e-type=\"container\">\n\t\t\t\t\t<div class=\"e-con-inner\">\n\t\t<div class=\"elementor-element elementor-element-caddd9d e-con-full e-flex e-con e-child\" data-id=\"caddd9d\" data-element_type=\"container\" data-e-type=\"container\">\n\t\t\t\t<div class=\"elementor-element elementor-element-8b4cde8 elementor-widget elementor-widget-image\" data-id=\"8b4cde8\" data-element_type=\"widget\" data-e-type=\"widget\" data-widget_type=\"image.default\">\n\t\t\t\t\t\t\t\t\t\t\t\t\t\t\t<img decoding=\"async\" width=\"683\" height=\"1024\" src=\"https:\/\/nobodyreiki.com\/wp-content\/uploads\/2026\/04\/Poster-683x1024.png\" class=\"attachment-large size-large wp-image-656\" alt=\"\" srcset=\"https:\/\/nobodyreiki.com\/wp-content\/uploads\/2026\/04\/Poster-683x1024.png 683w, https:\/\/nobodyreiki.com\/wp-content\/uploads\/2026\/04\/Poster-200x300.png 200w, https:\/\/nobodyreiki.com\/wp-content\/uploads\/2026\/04\/Poster-768x1152.png 768w, https:\/\/nobodyreiki.com\/wp-content\/uploads\/2026\/04\/Poster-8x12.png 8w, https:\/\/nobodyreiki.com\/wp-content\/uploads\/2026\/04\/Poster-600x900.png 600w, https:\/\/nobodyreiki.com\/wp-content\/uploads\/2026\/04\/Poster.png 1024w\" sizes=\"(max-width: 683px) 100vw, 683px\" \/>\t\t\t\t\t\t\t\t\t\t\t\t\t\t\t<\/div>\n\t\t\t\t<\/div>\n\t\t<div class=\"elementor-element elementor-element-c5b9622 e-con-full e-flex e-con e-child\" data-id=\"c5b9622\" data-element_type=\"container\" data-e-type=\"container\">\n\t\t<div class=\"elementor-element elementor-element-d8c0887 e-con-full e-flex e-con e-child\" data-id=\"d8c0887\" data-element_type=\"container\" data-e-type=\"container\">\n\t\t\t\t<div class=\"elementor-element elementor-element-2309a34 elementor-widget elementor-widget-text-editor\" data-id=\"2309a34\" data-element_type=\"widget\" data-e-type=\"widget\" data-widget_type=\"text-editor.default\">\n\t\t\t\t\t\t\t\t\t<h1 class=\"wp-block-heading\">\u0110\u1eb7t l\u1ecbch bu\u1ed5i tr\u1ecb li\u1ec7u c\u1ee7a b\u1ea1n<\/h1>\n<p><!-- \/wp:heading --><!-- wp:paragraph --><\/p>\n<p>H\u00e3y b\u1eaft \u0111\u1ea7u h\u00e0nh tr\u00ecnh h\u01b0\u1edbng t\u1edbi s\u1ef1 c\u00e2n b\u1eb1ng v\u00e0 h\u1ea1nh ph\u00fac. \u0110\u1eb7t l\u1ecbch h\u1eb9n v\u1edbi m\u1ed9t trong nh\u1eefng chuy\u00ean vi\u00ean Reiki \u0111\u01b0\u1ee3c ch\u1ee9ng nh\u1eadn c\u1ee7a ch\u00fang t\u00f4i.<\/p>\n<p><!-- \/wp:paragraph --><!-- wp:paragraph --><\/p>\n<p>H\u00e3y b\u1eaft \u0111\u1ea7u qu\u00e1 tr\u00ecnh h\u01b0\u1edbng t\u1edbi s\u1ef1 c\u00e2n b\u1eb1ng v\u00e0 h\u1ea1nh ph\u00fac. \u0110\u1eb7t l\u1ecbch h\u1eb9n v\u1edbi m\u1ed9t trong nh\u1eefng chuy\u00ean gia Reiki \u0111\u00e3 \u0111\u01b0\u1ee3c ch\u1ee9ng minh c\u1ee7a ch\u00fang t\u00f4i.<\/p>\n<p><!-- \/wp:paragraph --><!-- wp:heading {\"level\":3} --><\/p>\n<h3 class=\"wp-block-heading\">Tr\u1ef1c ti\u1ebfp<\/h3>\n<p><!-- \/wp:heading --><!-- wp:paragraph --><\/p>\n<p>H\u00e3y \u0111\u1ebfn tr\u1ef1c ti\u1ebfp \u0111\u1ecba \u0111i\u1ec3m c\u1ee7a chuy\u00ean gia tr\u1ecb li\u1ec7u \u0111\u1ec3 tr\u1ea3i nghi\u1ec7m li\u1ec7u ph\u00e1p ch\u1eefa b\u1ec7nh tr\u1ef1c ti\u1ebfp.<\/p>\n<p><!-- \/wp:paragraph --><!-- wp:heading {\"level\":3} --><\/p>\n<h3 class=\"wp-block-heading\">Tr\u1ef1c tuy\u1ebfn<\/h3>\n<p><!-- \/wp:heading --><!-- wp:paragraph --><\/p>\n<p>K\u1ebft n\u1ed1i t\u1eeb xa qua cu\u1ed9c g\u1ecdi video. Li\u1ec7u ph\u00e1p Reiki t\u1eeb xa c\u0169ng hi\u1ec7u qu\u1ea3 nh\u01b0 nhau.<\/p>\n<p><!-- \/wp:paragraph --><!-- wp:paragraph --><\/p>\n<p><a href=\"mailto:nobodyreiki@gmail.com\">Li\u00ean h\u1ec7 v\u1edbi ch\u00fang t\u00f4i\u00a0<\/a><\/p>\n<p><!-- \/wp:paragraph --><!-- wp:paragraph --><\/p>\n<p>\u00a0<\/p>\t\t\t\t\t\t\t\t<\/div>\n\t\t<div class=\"elementor-element elementor-element-8c87b1f e-con-full e-flex e-con e-child\" data-id=\"8c87b1f\" data-element_type=\"container\" data-e-type=\"container\">\n\t\t\t\t<div class=\"elementor-element elementor-element-5c2787e elementor-widget elementor-widget-button\" data-id=\"5c2787e\" data-element_type=\"widget\" data-e-type=\"widget\" data-widget_type=\"button.default\">\n\t\t\t\t\t\t\t\t\t\t<a class=\"elementor-button elementor-button-link elementor-size-sm\" href=\"mailto:nobodyreiki@gmail.com\">\n\t\t\t\t\t\t<span class=\"elementor-button-content-wrapper\">\n\t\t\t\t\t\t\t\t\t<span class=\"elementor-button-text\">B\u1ea5m v\u00e0o \u0111\u00e2y<\/span>\n\t\t\t\t\t<\/span>\n\t\t\t\t\t<\/a>\n\t\t\t\t\t\t\t\t<\/div>\n\t\t\t\t<\/div>\n\t\t\t\t<\/div>\n\t\t\t\t<\/div>\n\t\t\t\t\t<\/div>\n\t\t\t\t<\/div>\n\t\t<div class=\"elementor-element elementor-element-a106054 e-grid e-con-boxed e-con e-parent\" data-id=\"a106054\" data-element_type=\"container\" data-e-type=\"container\">\n\t\t\t\t\t<div class=\"e-con-inner\">\n\t\t\t\t<div class=\"elementor-element elementor-element-6f9c42a elementor-widget elementor-widget-text-editor\" data-id=\"6f9c42a\" data-element_type=\"widget\" data-e-type=\"widget\" data-widget_type=\"text-editor.default\">\n\t\t\t\t\t\t\t\t\t<p class=\"translation-block\">L\u01b0u \u00fd: Th\u1eddi gian bu\u1ed5i tr\u1ecb li\u1ec7u c\u00f3 th\u1ec3 thay \u0111\u1ed5i t\u00f9y thu\u1ed9c v\u00e0o l\u1ecbch r\u1ea3nh c\u1ee7a chuy\u00ean vi\u00ean. B\u1ea1n s\u1ebd nh\u1eadn \u0111\u01b0\u1ee3c x\u00e1c nh\u1eadn trong v\u00f2ng 24 gi\u1edd.<\/p>\n<p><!-- \/wp:paragraph --><!-- wp:paragraph --><\/p>\n<p>L\u00ean l\u1ecbch phi\u00ean c\u1ee7a b\u1ea1n<\/p>\n<p><!-- \/wp:paragraph --><!-- wp:heading {\"level\":3} --><\/p>\n<h3 class=\"wp-block-heading\">Th\u00f4ng tin c\u00e1 nh\u00e2n<\/h3>\n<p><!-- \/wp:heading --><!-- wp:paragraph --><\/p>\n<p>H\u1ecd v\u00e0 t\u00ean *\u0110\u1ecba ch\u1ec9 email *S\u1ed1 \u0111i\u1ec7n tho\u1ea1i<\/p>\n<p><!-- \/wp:paragraph --><!-- wp:heading {\"level\":3} --><\/p>\n<h3 class=\"wp-block-heading\">Session Details<\/h3>\n<p><!-- \/wp:heading --><!-- wp:paragraph --><\/p>\n<p>Select Practitioner *Choose a practitionerNo PreferenceSarah Chen &#8211; San Francisco, CAMichael Torres &#8211; Austin, TXElena Martinez &#8211; Portland, ORJames Wilson &#8211; Denver, COSession Type *Choose session typeIn-Person SessionOnline Session (Video Call)Preferred Date *Preferred Time *<\/p>\n<p><!-- \/wp:paragraph --><!-- wp:heading {\"level\":3} --><\/p>\n<h3 class=\"wp-block-heading\">Th\u00f4ng tin c\u00e1 nh\u00e2n<\/h3>\n<p><!-- \/wp:heading --><!-- wp:paragraph --><\/p>\n<p>L\u1eddi nh\u1eafn (T\u00f9y ch\u1ecdn) Chia s\u1ebb b\u1ea5t k\u1ef3 m\u1ed1i quan ng\u1ea1i ho\u1eb7c c\u00e2u h\u1ecfi c\u1ee5 th\u1ec3 n\u00e0o Y\u00eau c\u1ea7u \u0111\u1eb7t ch\u1ed7<\/p>\n<p><!-- \/wp:paragraph --><!-- wp:paragraph --><\/p>\n<p>By submitting this form, you agree to our privacy policy and terms of service.<\/p>\t\t\t\t\t\t\t\t<\/div>\n\t\t\t\t<div class=\"elementor-element elementor-element-61236ae elementor-widget elementor-widget-image\" data-id=\"61236ae\" data-element_type=\"widget\" data-e-type=\"widget\" data-widget_type=\"image.default\">\n\t\t\t\t\t\t\t\t\t\t\t\t\t\t\t<img decoding=\"async\" width=\"567\" height=\"548\" src=\"https:\/\/nobodyreiki.com\/wp-content\/uploads\/2026\/03\/LOGO.png\" class=\"attachment-large size-large wp-image-6\" alt=\"\" srcset=\"https:\/\/nobodyreiki.com\/wp-content\/uploads\/2026\/03\/LOGO.png 567w, https:\/\/nobodyreiki.com\/wp-content\/uploads\/2026\/03\/LOGO-300x290.png 300w, https:\/\/nobodyreiki.com\/wp-content\/uploads\/2026\/03\/LOGO-12x12.png 12w, https:\/\/nobodyreiki.com\/wp-content\/uploads\/2026\/03\/LOGO-82x79.png 82w\" sizes=\"(max-width: 567px) 100vw, 567px\" \/>\t\t\t\t\t\t\t\t\t\t\t\t\t\t\t<\/div>\n\t\t\t\t\t<\/div>\n\t\t\t\t<\/div>\n\t\t<div class=\"elementor-element elementor-element-89e96e6 e-grid e-con-boxed e-con e-parent\" data-id=\"89e96e6\" data-element_type=\"container\" data-e-type=\"container\">\n\t\t\t\t\t<div class=\"e-con-inner\">\n\t\t\t\t<div class=\"elementor-element elementor-element-d1aa788 elementor-widget elementor-widget-image\" data-id=\"d1aa788\" data-element_type=\"widget\" data-e-type=\"widget\" data-widget_type=\"image.default\">\n\t\t\t\t\t\t\t\t\t\t\t\t\t\t\t\t<a href=\"https:\/\/emea01.safelinks.protection.outlook.com\/?url=https%3A%2F%2Fwa.me%2Fqr%2F6PGU6XQRFGG6K1&#038;data=05%7C02%7C%7Ce78f4d56c66e45ce1c5008de803f01fc%7C84df9e7fe9f640afb435aaaaaaaaaaaa%7C1%7C0%7C639089205273871387%7CUnknown%7CTWFpbGZsb3d8eyJFbXB0eU1hcGkiOnRydWUsIlYiOiIwLjAuMDAwMCIsIlAiOiJXaW4zMiIsIkFOIjoiTWFpbCIsIldUIjoyfQ%3D%3D%7C0%7C%7C%7C&#038;sdata=%2FoF%2BW6OQ%2BwvOlluJUMaQYori2szIj0506oWWd9yEdCg%3D&#038;reserved=0\">\n\t\t\t\t\t\t\t<img loading=\"lazy\" decoding=\"async\" width=\"59\" height=\"66\" src=\"https:\/\/nobodyreiki.com\/wp-content\/uploads\/2026\/03\/WA.png\" class=\"attachment-large size-large wp-image-224\" alt=\"\" srcset=\"https:\/\/nobodyreiki.com\/wp-content\/uploads\/2026\/03\/WA.png 59w, https:\/\/nobodyreiki.com\/wp-content\/uploads\/2026\/03\/WA-11x12.png 11w\" sizes=\"(max-width: 59px) 100vw, 59px\" \/>\t\t\t\t\t\t\t\t<\/a>\n\t\t\t\t\t\t\t\t\t\t\t\t\t\t\t<\/div>\n\t\t\t\t<div class=\"elementor-element elementor-element-f421a3c elementor-widget elementor-widget-image\" data-id=\"f421a3c\" data-element_type=\"widget\" data-e-type=\"widget\" data-widget_type=\"image.default\">\n\t\t\t\t\t\t\t\t\t\t\t\t\t\t\t\t<a href=\"https:\/\/www.youtube.com\/@NoBodyReiki\">\n\t\t\t\t\t\t\t<img loading=\"lazy\" decoding=\"async\" width=\"63\" height=\"66\" src=\"https:\/\/nobodyreiki.com\/wp-content\/uploads\/2026\/03\/YT.png\" class=\"attachment-large size-large wp-image-225\" alt=\"\" srcset=\"https:\/\/nobodyreiki.com\/wp-content\/uploads\/2026\/03\/YT.png 63w, https:\/\/nobodyreiki.com\/wp-content\/uploads\/2026\/03\/YT-11x12.png 11w\" sizes=\"(max-width: 63px) 100vw, 63px\" \/>\t\t\t\t\t\t\t\t<\/a>\n\t\t\t\t\t\t\t\t\t\t\t\t\t\t\t<\/div>\n\t\t\t\t<div class=\"elementor-element elementor-element-1fdb736 elementor-widget elementor-widget-image\" data-id=\"1fdb736\" data-element_type=\"widget\" data-e-type=\"widget\" data-widget_type=\"image.default\">\n\t\t\t\t\t\t\t\t\t\t\t\t\t\t\t\t<a href=\"https:\/\/www.facebook.com\/search\/top\/?q=nobodyreiki\">\n\t\t\t\t\t\t\t<img loading=\"lazy\" decoding=\"async\" width=\"60\" height=\"63\" src=\"https:\/\/nobodyreiki.com\/wp-content\/uploads\/2026\/03\/FB.png\" class=\"attachment-large size-large wp-image-226\" alt=\"\" srcset=\"https:\/\/nobodyreiki.com\/wp-content\/uploads\/2026\/03\/FB.png 60w, https:\/\/nobodyreiki.com\/wp-content\/uploads\/2026\/03\/FB-11x12.png 11w\" sizes=\"(max-width: 60px) 100vw, 60px\" \/>\t\t\t\t\t\t\t\t<\/a>\n\t\t\t\t\t\t\t\t\t\t\t\t\t\t\t<\/div>\n\t\t\t\t<div class=\"elementor-element elementor-element-8fc5937 elementor-widget elementor-widget-image\" data-id=\"8fc5937\" data-element_type=\"widget\" data-e-type=\"widget\" data-widget_type=\"image.default\">\n\t\t\t\t\t\t\t\t\t\t\t\t\t\t\t\t<a href=\"https:\/\/www.instagram.com\/nobodyreiki\/\">\n\t\t\t\t\t\t\t<img loading=\"lazy\" decoding=\"async\" width=\"59\" height=\"63\" src=\"https:\/\/nobodyreiki.com\/wp-content\/uploads\/2026\/03\/ig.png\" class=\"attachment-large size-large wp-image-227\" alt=\"\" srcset=\"https:\/\/nobodyreiki.com\/wp-content\/uploads\/2026\/03\/ig.png 59w, https:\/\/nobodyreiki.com\/wp-content\/uploads\/2026\/03\/ig-11x12.png 11w\" sizes=\"(max-width: 59px) 100vw, 59px\" \/>\t\t\t\t\t\t\t\t<\/a>\n\t\t\t\t\t\t\t\t\t\t\t\t\t\t\t<\/div>\n\t\t\t\t<div class=\"elementor-element elementor-element-fb1a6ed elementor-widget elementor-widget-image\" data-id=\"fb1a6ed\" data-element_type=\"widget\" data-e-type=\"widget\" data-widget_type=\"image.default\">\n\t\t\t\t\t\t\t\t\t\t\t\t\t\t\t\t<a href=\"https:\/\/www.tiktok.com\/@nobodyreiki?_r=1&#038;_t=ZN-94d3JSqcgAo\">\n\t\t\t\t\t\t\t<img loading=\"lazy\" decoding=\"async\" width=\"64\" height=\"63\" src=\"https:\/\/nobodyreiki.com\/wp-content\/uploads\/2026\/03\/TT.png\" class=\"attachment-large size-large wp-image-228\" alt=\"\" srcset=\"https:\/\/nobodyreiki.com\/wp-content\/uploads\/2026\/03\/TT.png 64w, https:\/\/nobodyreiki.com\/wp-content\/uploads\/2026\/03\/TT-12x12.png 12w\" sizes=\"(max-width: 64px) 100vw, 64px\" \/>\t\t\t\t\t\t\t\t<\/a>\n\t\t\t\t\t\t\t\t\t\t\t\t\t\t\t<\/div>\n\t\t\t\t\t<\/div>\n\t\t\t\t<\/div>\n\t\t<div class=\"elementor-element elementor-element-2136a64 e-flex e-con-boxed e-con e-parent\" data-id=\"2136a64\" data-element_type=\"container\" data-e-type=\"container\">\n\t\t\t\t\t<div class=\"e-con-inner\">\n\t\t\t\t<div class=\"elementor-element elementor-element-14eacbe elementor-widget elementor-widget-image\" data-id=\"14eacbe\" data-element_type=\"widget\" data-e-type=\"widget\" data-widget_type=\"image.default\">\n\t\t\t\t\t\t\t\t\t\t\t\t\t\t\t<img loading=\"lazy\" decoding=\"async\" width=\"1024\" height=\"165\" src=\"https:\/\/nobodyreiki.com\/wp-content\/uploads\/2026\/03\/LandB-1024x165.png\" class=\"attachment-large size-large wp-image-161\" alt=\"\" srcset=\"https:\/\/nobodyreiki.com\/wp-content\/uploads\/2026\/03\/LandB-1024x165.png 1024w, https:\/\/nobodyreiki.com\/wp-content\/uploads\/2026\/03\/LandB-300x48.png 300w, https:\/\/nobodyreiki.com\/wp-content\/uploads\/2026\/03\/LandB-768x124.png 768w, https:\/\/nobodyreiki.com\/wp-content\/uploads\/2026\/03\/LandB-18x3.png 18w, https:\/\/nobodyreiki.com\/wp-content\/uploads\/2026\/03\/LandB-600x97.png 600w, https:\/\/nobodyreiki.com\/wp-content\/uploads\/2026\/03\/LandB.png 1536w\" sizes=\"(max-width: 1024px) 100vw, 1024px\" \/>\t\t\t\t\t\t\t\t\t\t\t\t\t\t\t<\/div>\n\t\t\t\t\t<\/div>\n\t\t\t\t<\/div>\n\t\t\t\t<\/div>\n\t\t<!-- PMB print buttons is only displayed on a single post\/page URLs-->","protected":false},"excerpt":{"rendered":"<p>Book Your\u00a0Healing Session Take the first step toward balance and wellbeing. Schedule a session with one of our certified reiki [&hellip;]<\/p>\n","protected":false},"author":1,"featured_media":0,"parent":0,"menu_order":0,"comment_status":"closed","ping_status":"closed","template":"","meta":{"site-sidebar-layout":"default","site-content-layout":"","ast-site-content-layout":"default","site-content-style":"default","site-sidebar-style":"default","ast-global-header-display":"","ast-banner-title-visibility":"","ast-main-header-display":"","ast-hfb-above-header-display":"","ast-hfb-below-header-display":"","ast-hfb-mobile-header-display":"","site-post-title":"","ast-breadcrumbs-content":"","ast-featured-img":"","footer-sml-layout":"","ast-disable-related-posts":"","theme-transparent-header-meta":"","adv-header-id-meta":"","stick-header-meta":"","header-above-stick-meta":"","header-main-stick-meta":"","header-below-stick-meta":"","astra-migrate-meta-layouts":"default","ast-page-background-enabled":"default","ast-page-background-meta":{"desktop":{"background-color":"var(--ast-global-color-5)","background-image":"","background-repeat":"repeat","background-position":"center center","background-size":"auto","background-attachment":"scroll","background-type":"","background-media":"","overlay-type":"","overlay-color":"","overlay-opacity":"","overlay-gradient":""},"tablet":{"background-color":"","background-image":"","background-repeat":"repeat","background-position":"center center","background-size":"auto","background-attachment":"scroll","background-type":"","background-media":"","overlay-type":"","overlay-color":"","overlay-opacity":"","overlay-gradient":""},"mobile":{"background-color":"","background-image":"","background-repeat":"repeat","background-position":"center center","background-size":"auto","background-attachment":"scroll","background-type":"","background-media":"","overlay-type":"","overlay-color":"","overlay-opacity":"","overlay-gradient":""}},"ast-content-background-meta":{"desktop":{"background-color":"var(--ast-global-color-4)","background-image":"","background-repeat":"repeat","background-position":"center center","background-size":"auto","background-attachment":"scroll","background-type":"","background-media":"","overlay-type":"","overlay-color":"","overlay-opacity":"","overlay-gradient":""},"tablet":{"background-color":"var(--ast-global-color-4)","background-image":"","background-repeat":"repeat","background-position":"center center","background-size":"auto","background-attachment":"scroll","background-type":"","background-media":"","overlay-type":"","overlay-color":"","overlay-opacity":"","overlay-gradient":""},"mobile":{"background-color":"var(--ast-global-color-4)","background-image":"","background-repeat":"repeat","background-position":"center center","background-size":"auto","background-attachment":"scroll","background-type":"","background-media":"","overlay-type":"","overlay-color":"","overlay-opacity":"","overlay-gradient":""}},"footnotes":""},"class_list":["post-43","page","type-page","status-publish","hentry"],"yoast_head":"<!-- This site is optimized with the Yoast SEO plugin v27.6 - https:\/\/yoast.com\/product\/yoast-seo-wordpress\/ -->\n<title>Book a Session - Nobody Reiki<\/title>\n<meta name=\"robots\" content=\"index, follow, max-snippet:-1, max-image-preview:large, max-video-preview:-1\" \/>\n<link rel=\"canonical\" href=\"https:\/\/nobodyreiki.com\/vi\/book-a-session\/\" \/>\n<meta property=\"og:locale\" content=\"vi_VN\" \/>\n<meta property=\"og:type\" content=\"article\" \/>\n<meta property=\"og:title\" content=\"Book a Session - Nobody Reiki\" \/>\n<meta property=\"og:description\" content=\"Book Your\u00a0Healing Session Take the first step toward balance and wellbeing. Schedule a session with one of our certified reiki [&hellip;]\" \/>\n<meta property=\"og:url\" content=\"https:\/\/nobodyreiki.com\/vi\/book-a-session\/\" \/>\n<meta property=\"og:site_name\" content=\"Nobody Reiki\" \/>\n<meta property=\"article:modified_time\" content=\"2026-04-25T08:25:22+00:00\" \/>\n<meta property=\"og:image\" content=\"https:\/\/nobodyreiki.com\/wp-content\/uploads\/2026\/03\/Bookings-1.png\" \/>\n\t<meta property=\"og:image:width\" content=\"1536\" \/>\n\t<meta property=\"og:image:height\" content=\"259\" \/>\n\t<meta property=\"og:image:type\" content=\"image\/png\" \/>\n<meta name=\"twitter:card\" content=\"summary_large_image\" \/>\n<meta name=\"twitter:label1\" content=\"\u01af\u1edbc t\u00ednh th\u1eddi gian \u0111\u1ecdc\" \/>\n\t<meta name=\"twitter:data1\" content=\"2 ph\u00fat\" \/>\n<script type=\"application\/ld+json\" class=\"yoast-schema-graph\">{\"@context\":\"https:\\\/\\\/schema.org\",\"@graph\":[{\"@type\":\"WebPage\",\"@id\":\"https:\\\/\\\/nobodyreiki.com\\\/book-a-session\\\/\",\"url\":\"https:\\\/\\\/nobodyreiki.com\\\/book-a-session\\\/\",\"name\":\"Book a Session - Nobody Reiki\",\"isPartOf\":{\"@id\":\"https:\\\/\\\/nobodyreiki.com\\\/#website\"},\"primaryImageOfPage\":{\"@id\":\"https:\\\/\\\/nobodyreiki.com\\\/book-a-session\\\/#primaryimage\"},\"image\":{\"@id\":\"https:\\\/\\\/nobodyreiki.com\\\/book-a-session\\\/#primaryimage\"},\"thumbnailUrl\":\"https:\\\/\\\/nobodyreiki.com\\\/wp-content\\\/uploads\\\/2026\\\/03\\\/Bookings-1-1024x173.png\",\"datePublished\":\"2026-03-10T11:58:53+00:00\",\"dateModified\":\"2026-04-25T08:25:22+00:00\",\"breadcrumb\":{\"@id\":\"https:\\\/\\\/nobodyreiki.com\\\/book-a-session\\\/#breadcrumb\"},\"inLanguage\":\"vi\",\"potentialAction\":[{\"@type\":\"ReadAction\",\"target\":[\"https:\\\/\\\/nobodyreiki.com\\\/book-a-session\\\/\"]}]},{\"@type\":\"ImageObject\",\"inLanguage\":\"vi\",\"@id\":\"https:\\\/\\\/nobodyreiki.com\\\/book-a-session\\\/#primaryimage\",\"url\":\"https:\\\/\\\/nobodyreiki.com\\\/wp-content\\\/uploads\\\/2026\\\/03\\\/Bookings-1-1024x173.png\",\"contentUrl\":\"https:\\\/\\\/nobodyreiki.com\\\/wp-content\\\/uploads\\\/2026\\\/03\\\/Bookings-1-1024x173.png\"},{\"@type\":\"BreadcrumbList\",\"@id\":\"https:\\\/\\\/nobodyreiki.com\\\/book-a-session\\\/#breadcrumb\",\"itemListElement\":[{\"@type\":\"ListItem\",\"position\":1,\"name\":\"Home\",\"item\":\"https:\\\/\\\/nobodyreiki.com\\\/\"},{\"@type\":\"ListItem\",\"position\":2,\"name\":\"Book a Session\"}]},{\"@type\":\"WebSite\",\"@id\":\"https:\\\/\\\/nobodyreiki.com\\\/#website\",\"url\":\"https:\\\/\\\/nobodyreiki.com\\\/\",\"name\":\"Nobody Reiki\",\"description\":\"Global Portal to Reiki\",\"potentialAction\":[{\"@type\":\"SearchAction\",\"target\":{\"@type\":\"EntryPoint\",\"urlTemplate\":\"https:\\\/\\\/nobodyreiki.com\\\/?s={search_term_string}\"},\"query-input\":{\"@type\":\"PropertyValueSpecification\",\"valueRequired\":true,\"valueName\":\"search_term_string\"}}],\"inLanguage\":\"vi\"}]}<\/script>\n<!-- \/ Yoast SEO plugin. -->","yoast_head_json":{"title":"Book a Session - Nobody Reiki","robots":{"index":"index","follow":"follow","max-snippet":"max-snippet:-1","max-image-preview":"max-image-preview:large","max-video-preview":"max-video-preview:-1"},"canonical":"https:\/\/nobodyreiki.com\/vi\/book-a-session\/","og_locale":"vi_VN","og_type":"article","og_title":"Book a Session - Nobody Reiki","og_description":"Book Your\u00a0Healing Session Take the first step toward balance and wellbeing. Schedule a session with one of our certified reiki [&hellip;]","og_url":"https:\/\/nobodyreiki.com\/vi\/book-a-session\/","og_site_name":"Nobody Reiki","article_modified_time":"2026-04-25T08:25:22+00:00","og_image":[{"width":1536,"height":259,"url":"https:\/\/nobodyreiki.com\/wp-content\/uploads\/2026\/03\/Bookings-1.png","type":"image\/png"}],"twitter_card":"summary_large_image","twitter_misc":{"\u01af\u1edbc t\u00ednh th\u1eddi gian \u0111\u1ecdc":"2 ph\u00fat"},"schema":{"@context":"https:\/\/schema.org","@graph":[{"@type":"WebPage","@id":"https:\/\/nobodyreiki.com\/book-a-session\/","url":"https:\/\/nobodyreiki.com\/book-a-session\/","name":"Book a Session - Nobody Reiki","isPartOf":{"@id":"https:\/\/nobodyreiki.com\/#website"},"primaryImageOfPage":{"@id":"https:\/\/nobodyreiki.com\/book-a-session\/#primaryimage"},"image":{"@id":"https:\/\/nobodyreiki.com\/book-a-session\/#primaryimage"},"thumbnailUrl":"https:\/\/nobodyreiki.com\/wp-content\/uploads\/2026\/03\/Bookings-1-1024x173.png","datePublished":"2026-03-10T11:58:53+00:00","dateModified":"2026-04-25T08:25:22+00:00","breadcrumb":{"@id":"https:\/\/nobodyreiki.com\/book-a-session\/#breadcrumb"},"inLanguage":"vi","potentialAction":[{"@type":"ReadAction","target":["https:\/\/nobodyreiki.com\/book-a-session\/"]}]},{"@type":"ImageObject","inLanguage":"vi","@id":"https:\/\/nobodyreiki.com\/book-a-session\/#primaryimage","url":"https:\/\/nobodyreiki.com\/wp-content\/uploads\/2026\/03\/Bookings-1-1024x173.png","contentUrl":"https:\/\/nobodyreiki.com\/wp-content\/uploads\/2026\/03\/Bookings-1-1024x173.png"},{"@type":"BreadcrumbList","@id":"https:\/\/nobodyreiki.com\/book-a-session\/#breadcrumb","itemListElement":[{"@type":"ListItem","position":1,"name":"Home","item":"https:\/\/nobodyreiki.com\/"},{"@type":"ListItem","position":2,"name":"Book a Session"}]},{"@type":"WebSite","@id":"https:\/\/nobodyreiki.com\/#website","url":"https:\/\/nobodyreiki.com\/","name":"Nobody Reiki","description":"Global Portal to Reiki","potentialAction":[{"@type":"SearchAction","target":{"@type":"EntryPoint","urlTemplate":"https:\/\/nobodyreiki.com\/?s={search_term_string}"},"query-input":{"@type":"PropertyValueSpecification","valueRequired":true,"valueName":"search_term_string"}}],"inLanguage":"vi"}]}},"_links":{"self":[{"href":"https:\/\/nobodyreiki.com\/vi\/wp-json\/wp\/v2\/pages\/43","targetHints":{"allow":["GET"]}}],"collection":[{"href":"https:\/\/nobodyreiki.com\/vi\/wp-json\/wp\/v2\/pages"}],"about":[{"href":"https:\/\/nobodyreiki.com\/vi\/wp-json\/wp\/v2\/types\/page"}],"author":[{"embeddable":true,"href":"https:\/\/nobodyreiki.com\/vi\/wp-json\/wp\/v2\/users\/1"}],"replies":[{"embeddable":true,"href":"https:\/\/nobodyreiki.com\/vi\/wp-json\/wp\/v2\/comments?post=43"}],"version-history":[{"count":32,"href":"https:\/\/nobodyreiki.com\/vi\/wp-json\/wp\/v2\/pages\/43\/revisions"}],"predecessor-version":[{"id":659,"href":"https:\/\/nobodyreiki.com\/vi\/wp-json\/wp\/v2\/pages\/43\/revisions\/659"}],"wp:attachment":[{"href":"https:\/\/nobodyreiki.com\/vi\/wp-json\/wp\/v2\/media?parent=43"}],"curies":[{"name":"wp","href":"https:\/\/api.w.org\/{rel}","templated":true}]}}