{"id":39,"date":"2026-03-10T12:00:06","date_gmt":"2026-03-10T12:00:06","guid":{"rendered":"https:\/\/nobodyreiki.com\/?page_id=39"},"modified":"2026-04-26T13:47:29","modified_gmt":"2026-04-26T13:47:29","slug":"find-a-practitioner","status":"publish","type":"page","link":"https:\/\/nobodyreiki.com\/vi\/find-a-practitioner\/","title":{"rendered":"Ng\u01b0\u1eddi t\u1eadp"},"content":{"rendered":"<div data-elementor-type=\"wp-page\" data-elementor-id=\"39\" class=\"elementor elementor-39\">\n\t\t\t\t<div class=\"elementor-element elementor-element-c918315 e-flex e-con-boxed e-con e-parent\" data-id=\"c918315\" data-element_type=\"container\" data-e-type=\"container\">\n\t\t\t\t\t<div class=\"e-con-inner\">\n\t\t\t\t<div class=\"elementor-element elementor-element-a0ee148 elementor-widget elementor-widget-image\" data-id=\"a0ee148\" data-element_type=\"widget\" data-e-type=\"widget\" data-widget_type=\"image.default\">\n\t\t\t\t\t\t\t\t\t\t\t\t\t\t\t<img fetchpriority=\"high\" decoding=\"async\" width=\"1024\" height=\"173\" src=\"https:\/\/nobodyreiki.com\/wp-content\/uploads\/2026\/03\/Bookings-1024x173.png\" class=\"attachment-large size-large wp-image-168\" alt=\"\" srcset=\"https:\/\/nobodyreiki.com\/wp-content\/uploads\/2026\/03\/Bookings-1024x173.png 1024w, https:\/\/nobodyreiki.com\/wp-content\/uploads\/2026\/03\/Bookings-300x51.png 300w, https:\/\/nobodyreiki.com\/wp-content\/uploads\/2026\/03\/Bookings-768x130.png 768w, https:\/\/nobodyreiki.com\/wp-content\/uploads\/2026\/03\/Bookings-18x3.png 18w, https:\/\/nobodyreiki.com\/wp-content\/uploads\/2026\/03\/Bookings-600x101.png 600w, https:\/\/nobodyreiki.com\/wp-content\/uploads\/2026\/03\/Bookings.png 1536w\" sizes=\"(max-width: 1024px) 100vw, 1024px\" \/>\t\t\t\t\t\t\t\t\t\t\t\t\t\t\t<\/div>\n\t\t\t\t\t<\/div>\n\t\t\t\t<\/div>\n\t\t<div class=\"elementor-element elementor-element-70fbb155 e-flex e-con-boxed e-con e-parent\" data-id=\"70fbb155\" data-element_type=\"container\" data-e-type=\"container\">\n\t\t\t\t\t<div class=\"e-con-inner\">\n\t\t<div class=\"elementor-element elementor-element-23eae95 e-con-full e-flex e-con e-child\" data-id=\"23eae95\" data-element_type=\"container\" data-e-type=\"container\">\n\t\t\t\t<div class=\"elementor-element elementor-element-b5b874a elementor-widget elementor-widget-heading\" data-id=\"b5b874a\" data-element_type=\"widget\" data-e-type=\"widget\" data-widget_type=\"heading.default\">\n\t\t\t\t\t<h2 class=\"elementor-heading-title elementor-size-default\">T\u00ecm h\u01b0\u1edbng d\u1eabn ch\u1eefa b\u1ec7nh c\u1ee7a b\u1ea1n\n\n<\/h2>\t\t\t\t<\/div>\n\t\t\t\t<\/div>\n\t\t<div class=\"elementor-element elementor-element-331e483 e-con-full e-flex e-con e-child\" data-id=\"331e483\" data-element_type=\"container\" data-e-type=\"container\">\n\t\t\t\t<div class=\"elementor-element elementor-element-65dd6bd elementor-widget elementor-widget-text-editor\" data-id=\"65dd6bd\" data-element_type=\"widget\" data-e-type=\"widget\" data-widget_type=\"text-editor.default\">\n\t\t\t\t\t\t\t\t\t<p>Vi\u1ec7c l\u1ef1a ch\u1ecdn ng\u01b0\u1eddi h\u01b0\u1edbng d\u1eabn Reiki l\u00e0 m\u1ed9t quy\u1ebft \u0111\u1ecbnh c\u00e1 nh\u00e2n. Nobody Reiki \u1edf \u0111\u00e2y \u0111\u1ec3 gi\u00fap b\u1ea1n t\u00ecm \u0111\u01b0\u1ee3c ng\u01b0\u1eddi c\u00f3 kinh nghi\u1ec7m, phong c\u00e1ch v\u00e0 n\u0103ng l\u01b0\u1ee3ng ph\u00f9 h\u1ee3p v\u1edbi giai \u0111o\u1ea1n hi\u1ec7n t\u1ea1i c\u1ee7a b\u1ea1n.<\/p>\n<p>H\u00e3y k\u1ebft n\u1ed1i v\u1edbi nh\u1eefng ng\u01b0\u1eddi th\u1ef1c h\u00e0nh Reiki t\u1eadn t\u00e2m h\u1ed7 tr\u1ee3 h\u00e0nh tr\u00ecnh h\u01b0\u1edbng t\u1edbi s\u1ef1 c\u00e2n b\u1eb1ng, s\u1ee9c kh\u1ecfe v\u00e0 k\u1ebft n\u1ed1i s\u00e2u s\u1eafc h\u01a1n c\u1ee7a b\u1ea1n.<\/p>\t\t\t\t\t\t\t\t<\/div>\n\t\t\t\t<\/div>\n\t\t\t\t\t<\/div>\n\t\t\t\t<\/div>\n\t\t<div class=\"elementor-element elementor-element-09ebcbd e-flex e-con-boxed e-con e-parent\" data-id=\"09ebcbd\" data-element_type=\"container\" data-e-type=\"container\">\n\t\t\t\t\t<div class=\"e-con-inner\">\n\t\t<div class=\"elementor-element elementor-element-d85e145 e-con-full e-flex e-con e-child\" data-id=\"d85e145\" data-element_type=\"container\" data-e-type=\"container\">\n\t\t\t\t<div class=\"elementor-element elementor-element-bf0f32d elementor-widget elementor-widget-image\" data-id=\"bf0f32d\" data-element_type=\"widget\" data-e-type=\"widget\" data-widget_type=\"image.default\">\n\t\t\t\t\t\t\t\t\t\t\t\t\t\t\t<img decoding=\"async\" width=\"683\" height=\"1024\" src=\"https:\/\/nobodyreiki.com\/wp-content\/uploads\/2026\/03\/Boase-683x1024.png\" class=\"attachment-large size-large wp-image-122\" alt=\"\" srcset=\"https:\/\/nobodyreiki.com\/wp-content\/uploads\/2026\/03\/Boase-683x1024.png 683w, https:\/\/nobodyreiki.com\/wp-content\/uploads\/2026\/03\/Boase-200x300.png 200w, https:\/\/nobodyreiki.com\/wp-content\/uploads\/2026\/03\/Boase-768x1152.png 768w, https:\/\/nobodyreiki.com\/wp-content\/uploads\/2026\/03\/Boase-8x12.png 8w, https:\/\/nobodyreiki.com\/wp-content\/uploads\/2026\/03\/Boase-600x900.png 600w, https:\/\/nobodyreiki.com\/wp-content\/uploads\/2026\/03\/Boase.png 1024w\" sizes=\"(max-width: 683px) 100vw, 683px\" \/>\t\t\t\t\t\t\t\t\t\t\t\t\t\t\t<\/div>\n\t\t\t\t<\/div>\n\t\t<div class=\"elementor-element elementor-element-54b1e11 e-con-full e-flex e-con e-child\" data-id=\"54b1e11\" data-element_type=\"container\" data-e-type=\"container\">\n\t\t<div class=\"elementor-element elementor-element-4131418 e-con-full e-flex e-con e-child\" data-id=\"4131418\" data-element_type=\"container\" data-e-type=\"container\">\n\t\t\t\t<div class=\"elementor-element elementor-element-e697cf3 elementor-widget elementor-widget-text-editor\" data-id=\"e697cf3\" data-element_type=\"widget\" data-e-type=\"widget\" data-widget_type=\"text-editor.default\">\n\t\t\t\t\t\t\t\t\t<h3 class=\"wp-block-heading\">Steven Boase<\/h3>\n<p><!-- \/wp:heading --><!-- wp:paragraph --><\/p>\n<p>B\u1eadc th\u1ea7y Reiki, Gi\u00e1o vi\u00ean &amp; Ng\u01b0\u1eddi s\u00e1ng l\u1eadp NoBody Reiki<\/p>\n<p>Steven th\u00e0nh l\u1eadp Nobody Reiki v\u00ec \u0111\u01b0\u1ee3c truy\u1ec1n c\u1ea3m h\u1ee9ng t\u1eeb Teresa, m\u1ed9t trong nh\u1eefng kh\u00e1ch h\u00e0ng c\u1ee7a anh. Ch\u1ec9 sau ba bu\u1ed5i tr\u1ecb li\u1ec7u, c\u00f4 \u1ea5y \u0111\u00e3 tho\u00e1t kh\u1ecfi ch\u1ee9ng tr\u1ea7m c\u1ea3m n\u1eb7ng n\u1ec1 v\u00e0 tr\u1edf l\u1ea1i l\u00e0 ch\u00ednh m\u00ecnh, tr\u00e0n \u0111\u1ea7y n\u0103ng l\u01b0\u1ee3ng, \u0111\u1ed9ng l\u1ef1c trong s\u1ef1 nghi\u1ec7p v\u00e0 t\u00ecnh c\u1ea3m \u0111\u01b0\u1ee3c kh\u01a1i d\u1eady, gi\u00fap c\u00f4 \u1ea5y g\u1ea7n g\u0169i h\u01a1n v\u1edbi con g\u00e1i.<\/p>\n<p>\u0110\u00e3 \u0111\u1ebfn l\u00fac \u0111\u01b0a Reiki \u0111\u1ebfn v\u1edbi th\u1ebf gi\u1edbi. Nhi\u1ec7m v\u1ee5 \u0111\u00e3 r\u00f5 r\u00e0ng.<\/p>\n<p>Ph\u01b0\u01a1ng ph\u00e1p nh\u1eb9 nh\u00e0ng c\u1ee7a \u00f4ng k\u1ebft h\u1ee3p Reiki Usui truy\u1ec1n th\u1ed1ng v\u1edbi c\u00e1c k\u1ef9 thu\u1eadt ch\u1eefa b\u1ec7nh b\u1eb1ng tr\u1ef1c gi\u00e1c.<\/p>\n<p><!-- \/wp:paragraph --><!-- wp:paragraph --><\/p>\n<p>\u0110\u1eb7c s\u1ea3n:<\/p>\n<p><!-- \/wp:paragraph --><!-- wp:paragraph --><\/p>\n<p>Spiritual Development<\/p>\n<p><!-- \/wp:paragraph --><!-- wp:paragraph --><\/p>\n<p>Ch\u1eefa l\u00e0nh c\u1ea3m x\u00fac<\/p>\n<p><!-- \/wp:paragraph --><!-- wp:paragraph --><\/p>\n<p>C\u00e2n b\u1eb1ng lu\u00e2n xa<\/p>\n<p><!-- \/wp:paragraph --><!-- wp:paragraph --><\/p>\n<p>Tr\u1ef1c ti\u1ebfp<\/p>\n<p><!-- \/wp:paragraph --><!-- wp:paragraph --><\/p>\n<p>Tr\u1ef1c tuy\u1ebfn<\/p>\n<p><!-- \/wp:paragraph --><!-- wp:paragraph --><\/p>\n<p>\ud83d\udccd Da Nang, VN<\/p>\n<p><!-- \/wp:paragraph --><!-- wp:paragraph --><\/p>\n<p>\u23f1\ufe0f Tr\u00ean 2 n\u0103m<\/p>\t\t\t\t\t\t\t\t<\/div>\n\t\t\t\t<\/div>\n\t\t<div class=\"elementor-element elementor-element-0a0b3ac e-con-full e-flex e-con e-child\" data-id=\"0a0b3ac\" data-element_type=\"container\" data-e-type=\"container\">\n\t\t\t\t<div class=\"elementor-element elementor-element-6adac9b elementor-widget elementor-widget-button\" data-id=\"6adac9b\" data-element_type=\"widget\" data-e-type=\"widget\" data-widget_type=\"button.default\">\n\t\t\t\t\t\t\t\t\t\t<a class=\"elementor-button elementor-button-link elementor-size-sm\" href=\"https:\/\/nobodyreiki.com\/vi\/book-a-session\/\">\n\t\t\t\t\t\t<span class=\"elementor-button-content-wrapper\">\n\t\t\t\t\t\t\t\t\t<span class=\"elementor-button-text\">\u0110\u1eb7t ch\u1ed7 \u1edf \u0111\u00e2y<\/span>\n\t\t\t\t\t<\/span>\n\t\t\t\t\t<\/a>\n\t\t\t\t\t\t\t\t<\/div>\n\t\t\t\t<\/div>\n\t\t\t\t<\/div>\n\t\t\t\t\t<\/div>\n\t\t\t\t<\/div>\n\t\t<div class=\"elementor-element elementor-element-d45be18 e-flex e-con-boxed e-con e-parent\" data-id=\"d45be18\" data-element_type=\"container\" data-e-type=\"container\">\n\t\t\t\t\t<div class=\"e-con-inner\">\n\t\t\t\t<div class=\"elementor-element elementor-element-1a582d1 elementor-widget elementor-widget-image\" data-id=\"1a582d1\" data-element_type=\"widget\" data-e-type=\"widget\" data-widget_type=\"image.default\">\n\t\t\t\t\t\t\t\t\t\t\t\t\t\t\t<img decoding=\"async\" width=\"1024\" height=\"165\" src=\"https:\/\/nobodyreiki.com\/wp-content\/uploads\/2026\/03\/LandB-1024x165.png\" class=\"attachment-large size-large wp-image-161\" alt=\"\" srcset=\"https:\/\/nobodyreiki.com\/wp-content\/uploads\/2026\/03\/LandB-1024x165.png 1024w, https:\/\/nobodyreiki.com\/wp-content\/uploads\/2026\/03\/LandB-300x48.png 300w, https:\/\/nobodyreiki.com\/wp-content\/uploads\/2026\/03\/LandB-768x124.png 768w, https:\/\/nobodyreiki.com\/wp-content\/uploads\/2026\/03\/LandB-18x3.png 18w, https:\/\/nobodyreiki.com\/wp-content\/uploads\/2026\/03\/LandB-600x97.png 600w, https:\/\/nobodyreiki.com\/wp-content\/uploads\/2026\/03\/LandB.png 1536w\" sizes=\"(max-width: 1024px) 100vw, 1024px\" \/>\t\t\t\t\t\t\t\t\t\t\t\t\t\t\t<\/div>\n\t\t\t\t\t<\/div>\n\t\t\t\t<\/div>\n\t\t\t\t<\/div>\n\t\t<!-- PMB print buttons is only displayed on a single post\/page URLs-->","protected":false},"excerpt":{"rendered":"<p>Find Your Healing Guide Choosing a practitioner is a personal decision. Nobody Reiki is here to help you find someone [&hellip;]<\/p>\n","protected":false},"author":1,"featured_media":0,"parent":0,"menu_order":0,"comment_status":"closed","ping_status":"closed","template":"","meta":{"site-sidebar-layout":"default","site-content-layout":"","ast-site-content-layout":"default","site-content-style":"default","site-sidebar-style":"default","ast-global-header-display":"","ast-banner-title-visibility":"","ast-main-header-display":"","ast-hfb-above-header-display":"","ast-hfb-below-header-display":"","ast-hfb-mobile-header-display":"","site-post-title":"","ast-breadcrumbs-content":"","ast-featured-img":"","footer-sml-layout":"","ast-disable-related-posts":"","theme-transparent-header-meta":"","adv-header-id-meta":"","stick-header-meta":"","header-above-stick-meta":"","header-main-stick-meta":"","header-below-stick-meta":"","astra-migrate-meta-layouts":"default","ast-page-background-enabled":"default","ast-page-background-meta":{"desktop":{"background-color":"var(--ast-global-color-5)","background-image":"","background-repeat":"repeat","background-position":"center center","background-size":"auto","background-attachment":"scroll","background-type":"","background-media":"","overlay-type":"","overlay-color":"","overlay-opacity":"","overlay-gradient":""},"tablet":{"background-color":"","background-image":"","background-repeat":"repeat","background-position":"center center","background-size":"auto","background-attachment":"scroll","background-type":"","background-media":"","overlay-type":"","overlay-color":"","overlay-opacity":"","overlay-gradient":""},"mobile":{"background-color":"","background-image":"","background-repeat":"repeat","background-position":"center center","background-size":"auto","background-attachment":"scroll","background-type":"","background-media":"","overlay-type":"","overlay-color":"","overlay-opacity":"","overlay-gradient":""}},"ast-content-background-meta":{"desktop":{"background-color":"var(--ast-global-color-4)","background-image":"","background-repeat":"repeat","background-position":"center center","background-size":"auto","background-attachment":"scroll","background-type":"","background-media":"","overlay-type":"","overlay-color":"","overlay-opacity":"","overlay-gradient":""},"tablet":{"background-color":"var(--ast-global-color-4)","background-image":"","background-repeat":"repeat","background-position":"center center","background-size":"auto","background-attachment":"scroll","background-type":"","background-media":"","overlay-type":"","overlay-color":"","overlay-opacity":"","overlay-gradient":""},"mobile":{"background-color":"var(--ast-global-color-4)","background-image":"","background-repeat":"repeat","background-position":"center center","background-size":"auto","background-attachment":"scroll","background-type":"","background-media":"","overlay-type":"","overlay-color":"","overlay-opacity":"","overlay-gradient":""}},"footnotes":""},"class_list":["post-39","page","type-page","status-publish","hentry"],"yoast_head":"<!-- This site is optimized with the Yoast SEO plugin v27.6 - https:\/\/yoast.com\/product\/yoast-seo-wordpress\/ -->\n<title>Practitioners - Nobody Reiki<\/title>\n<meta name=\"robots\" content=\"index, follow, max-snippet:-1, max-image-preview:large, max-video-preview:-1\" \/>\n<link rel=\"canonical\" href=\"https:\/\/nobodyreiki.com\/vi\/find-a-practitioner\/\" \/>\n<meta property=\"og:locale\" content=\"vi_VN\" \/>\n<meta property=\"og:type\" content=\"article\" \/>\n<meta property=\"og:title\" content=\"Practitioners - Nobody Reiki\" \/>\n<meta property=\"og:description\" content=\"Find Your Healing Guide Choosing a practitioner is a personal decision. Nobody Reiki is here to help you find someone [&hellip;]\" \/>\n<meta property=\"og:url\" content=\"https:\/\/nobodyreiki.com\/vi\/find-a-practitioner\/\" \/>\n<meta property=\"og:site_name\" content=\"Nobody Reiki\" \/>\n<meta property=\"article:modified_time\" content=\"2026-04-26T13:47:29+00:00\" \/>\n<meta property=\"og:image\" content=\"https:\/\/nobodyreiki.com\/wp-content\/uploads\/2026\/03\/Bookings.png\" \/>\n\t<meta property=\"og:image:width\" content=\"1536\" \/>\n\t<meta property=\"og:image:height\" content=\"259\" \/>\n\t<meta property=\"og:image:type\" content=\"image\/png\" \/>\n<meta name=\"twitter:card\" content=\"summary_large_image\" \/>\n<meta name=\"twitter:label1\" content=\"\u01af\u1edbc t\u00ednh th\u1eddi gian \u0111\u1ecdc\" \/>\n\t<meta name=\"twitter:data1\" content=\"2 ph\u00fat\" \/>\n<script type=\"application\/ld+json\" class=\"yoast-schema-graph\">{\"@context\":\"https:\\\/\\\/schema.org\",\"@graph\":[{\"@type\":\"WebPage\",\"@id\":\"https:\\\/\\\/nobodyreiki.com\\\/find-a-practitioner\\\/\",\"url\":\"https:\\\/\\\/nobodyreiki.com\\\/find-a-practitioner\\\/\",\"name\":\"Practitioners - Nobody Reiki\",\"isPartOf\":{\"@id\":\"https:\\\/\\\/nobodyreiki.com\\\/#website\"},\"primaryImageOfPage\":{\"@id\":\"https:\\\/\\\/nobodyreiki.com\\\/find-a-practitioner\\\/#primaryimage\"},\"image\":{\"@id\":\"https:\\\/\\\/nobodyreiki.com\\\/find-a-practitioner\\\/#primaryimage\"},\"thumbnailUrl\":\"https:\\\/\\\/nobodyreiki.com\\\/wp-content\\\/uploads\\\/2026\\\/03\\\/Bookings-1024x173.png\",\"datePublished\":\"2026-03-10T12:00:06+00:00\",\"dateModified\":\"2026-04-26T13:47:29+00:00\",\"breadcrumb\":{\"@id\":\"https:\\\/\\\/nobodyreiki.com\\\/find-a-practitioner\\\/#breadcrumb\"},\"inLanguage\":\"vi\",\"potentialAction\":[{\"@type\":\"ReadAction\",\"target\":[\"https:\\\/\\\/nobodyreiki.com\\\/find-a-practitioner\\\/\"]}]},{\"@type\":\"ImageObject\",\"inLanguage\":\"vi\",\"@id\":\"https:\\\/\\\/nobodyreiki.com\\\/find-a-practitioner\\\/#primaryimage\",\"url\":\"https:\\\/\\\/nobodyreiki.com\\\/wp-content\\\/uploads\\\/2026\\\/03\\\/Bookings-1024x173.png\",\"contentUrl\":\"https:\\\/\\\/nobodyreiki.com\\\/wp-content\\\/uploads\\\/2026\\\/03\\\/Bookings-1024x173.png\"},{\"@type\":\"BreadcrumbList\",\"@id\":\"https:\\\/\\\/nobodyreiki.com\\\/find-a-practitioner\\\/#breadcrumb\",\"itemListElement\":[{\"@type\":\"ListItem\",\"position\":1,\"name\":\"Home\",\"item\":\"https:\\\/\\\/nobodyreiki.com\\\/\"},{\"@type\":\"ListItem\",\"position\":2,\"name\":\"Practitioners\"}]},{\"@type\":\"WebSite\",\"@id\":\"https:\\\/\\\/nobodyreiki.com\\\/#website\",\"url\":\"https:\\\/\\\/nobodyreiki.com\\\/\",\"name\":\"Nobody Reiki\",\"description\":\"Global Portal to Reiki\",\"potentialAction\":[{\"@type\":\"SearchAction\",\"target\":{\"@type\":\"EntryPoint\",\"urlTemplate\":\"https:\\\/\\\/nobodyreiki.com\\\/?s={search_term_string}\"},\"query-input\":{\"@type\":\"PropertyValueSpecification\",\"valueRequired\":true,\"valueName\":\"search_term_string\"}}],\"inLanguage\":\"vi\"}]}<\/script>\n<!-- \/ Yoast SEO plugin. -->","yoast_head_json":{"title":"Practitioners - Nobody Reiki","robots":{"index":"index","follow":"follow","max-snippet":"max-snippet:-1","max-image-preview":"max-image-preview:large","max-video-preview":"max-video-preview:-1"},"canonical":"https:\/\/nobodyreiki.com\/vi\/find-a-practitioner\/","og_locale":"vi_VN","og_type":"article","og_title":"Practitioners - Nobody Reiki","og_description":"Find Your Healing Guide Choosing a practitioner is a personal decision. Nobody Reiki is here to help you find someone [&hellip;]","og_url":"https:\/\/nobodyreiki.com\/vi\/find-a-practitioner\/","og_site_name":"Nobody Reiki","article_modified_time":"2026-04-26T13:47:29+00:00","og_image":[{"width":1536,"height":259,"url":"https:\/\/nobodyreiki.com\/wp-content\/uploads\/2026\/03\/Bookings.png","type":"image\/png"}],"twitter_card":"summary_large_image","twitter_misc":{"\u01af\u1edbc t\u00ednh th\u1eddi gian \u0111\u1ecdc":"2 ph\u00fat"},"schema":{"@context":"https:\/\/schema.org","@graph":[{"@type":"WebPage","@id":"https:\/\/nobodyreiki.com\/find-a-practitioner\/","url":"https:\/\/nobodyreiki.com\/find-a-practitioner\/","name":"Practitioners - Nobody Reiki","isPartOf":{"@id":"https:\/\/nobodyreiki.com\/#website"},"primaryImageOfPage":{"@id":"https:\/\/nobodyreiki.com\/find-a-practitioner\/#primaryimage"},"image":{"@id":"https:\/\/nobodyreiki.com\/find-a-practitioner\/#primaryimage"},"thumbnailUrl":"https:\/\/nobodyreiki.com\/wp-content\/uploads\/2026\/03\/Bookings-1024x173.png","datePublished":"2026-03-10T12:00:06+00:00","dateModified":"2026-04-26T13:47:29+00:00","breadcrumb":{"@id":"https:\/\/nobodyreiki.com\/find-a-practitioner\/#breadcrumb"},"inLanguage":"vi","potentialAction":[{"@type":"ReadAction","target":["https:\/\/nobodyreiki.com\/find-a-practitioner\/"]}]},{"@type":"ImageObject","inLanguage":"vi","@id":"https:\/\/nobodyreiki.com\/find-a-practitioner\/#primaryimage","url":"https:\/\/nobodyreiki.com\/wp-content\/uploads\/2026\/03\/Bookings-1024x173.png","contentUrl":"https:\/\/nobodyreiki.com\/wp-content\/uploads\/2026\/03\/Bookings-1024x173.png"},{"@type":"BreadcrumbList","@id":"https:\/\/nobodyreiki.com\/find-a-practitioner\/#breadcrumb","itemListElement":[{"@type":"ListItem","position":1,"name":"Home","item":"https:\/\/nobodyreiki.com\/"},{"@type":"ListItem","position":2,"name":"Practitioners"}]},{"@type":"WebSite","@id":"https:\/\/nobodyreiki.com\/#website","url":"https:\/\/nobodyreiki.com\/","name":"Nobody Reiki","description":"Global Portal to Reiki","potentialAction":[{"@type":"SearchAction","target":{"@type":"EntryPoint","urlTemplate":"https:\/\/nobodyreiki.com\/?s={search_term_string}"},"query-input":{"@type":"PropertyValueSpecification","valueRequired":true,"valueName":"search_term_string"}}],"inLanguage":"vi"}]}},"_links":{"self":[{"href":"https:\/\/nobodyreiki.com\/vi\/wp-json\/wp\/v2\/pages\/39","targetHints":{"allow":["GET"]}}],"collection":[{"href":"https:\/\/nobodyreiki.com\/vi\/wp-json\/wp\/v2\/pages"}],"about":[{"href":"https:\/\/nobodyreiki.com\/vi\/wp-json\/wp\/v2\/types\/page"}],"author":[{"embeddable":true,"href":"https:\/\/nobodyreiki.com\/vi\/wp-json\/wp\/v2\/users\/1"}],"replies":[{"embeddable":true,"href":"https:\/\/nobodyreiki.com\/vi\/wp-json\/wp\/v2\/comments?post=39"}],"version-history":[{"count":27,"href":"https:\/\/nobodyreiki.com\/vi\/wp-json\/wp\/v2\/pages\/39\/revisions"}],"predecessor-version":[{"id":692,"href":"https:\/\/nobodyreiki.com\/vi\/wp-json\/wp\/v2\/pages\/39\/revisions\/692"}],"wp:attachment":[{"href":"https:\/\/nobodyreiki.com\/vi\/wp-json\/wp\/v2\/media?parent=39"}],"curies":[{"name":"wp","href":"https:\/\/api.w.org\/{rel}","templated":true}]}}